{"id":136,"date":"2019-03-04T10:03:48","date_gmt":"2019-03-04T09:03:48","guid":{"rendered":"http:\/\/wp.kaolinfactory.com\/?page_id=136"},"modified":"2019-03-20T16:25:05","modified_gmt":"2019-03-20T15:25:05","slug":"mentions-legales","status":"publish","type":"page","link":"http:\/\/www.sylviegorde.fr\/index.php\/mentions-legales\/","title":{"rendered":"Mentions l\u00e9gales"},"content":{"rendered":"<p>[et_pb_section bb_built=\u00a0\u00bb1&Prime;][et_pb_row][et_pb_column type=\u00a0\u00bb4_4&Prime;][et_pb_text _builder_version=\u00a0\u00bb3.21&Prime;]<\/p>\n<p>Sylvie Gorde<\/p>\n<p>161, rue Charles Aurouze 05000 Gap<\/p>\n<p>0621694841<\/p>\n<p>Siret: 530035716 RM 05<\/p>\n<p>Non assujetti \u00e0 la TVA<\/p>\n<p>Directeur de la publication: Sylvie Gorde<\/p>\n<p>Cr\u00e9dit photo : Yasefan, V\u00e9ronique Maury , Patrick Rauch et Sylvie Gorde<\/p>\n<p>H\u00e9bergeur: OVH, 2 rue Kellerman 59100 Roubaix Cedex<\/p>\n<p>Site d\u00e9velopp\u00e9 avec Word press et le th\u00e8me Divi fourni par Ardoise Magique: 0660923608<\/p>\n<p>Mars 2019<\/p>\n<p>[\/et_pb_text][\/et_pb_column][\/et_pb_row][\/et_pb_section]<\/p>\n","protected":false},"excerpt":{"rendered":"<p>[et_pb_section bb_built=\u00a0\u00bb1&Prime;][et_pb_row][et_pb_column type=\u00a0\u00bb4_4&Prime;][et_pb_text _builder_version=\u00a0\u00bb3.21&Prime;] Sylvie Gorde 161, rue Charles Aurouze 05000 Gap 0621694841 Siret: 530035716 RM 05 Non assujetti \u00e0 la TVA Directeur de la publication: Sylvie Gorde Cr\u00e9dit photo : Yasefan, V\u00e9ronique Maury , Patrick Rauch et Sylvie Gorde H\u00e9bergeur: OVH, 2 rue Kellerman 59100 Roubaix Cedex Site d\u00e9velopp\u00e9 avec Word press et le [&hellip;]<\/p>\n","protected":false},"author":1,"featured_media":0,"parent":0,"menu_order":0,"comment_status":"closed","ping_status":"closed","template":"","meta":{"_et_pb_use_builder":"on","_et_pb_old_content":"<p>Sylvie Gorde<\/p><p>161, rue Charles Aurouze 05000 Gap<\/p><p>0621694841<\/p><p>Siret: 530035716 RM 05<\/p><p>Non assujetti \u00e0 la TVA<\/p><p>Directeur de la publication: Sylvie Gorde<\/p><p>H\u00e9bergeur: OVH<\/p><p>Cr\u00e9dit photos<\/p>"},"_links":{"self":[{"href":"http:\/\/www.sylviegorde.fr\/index.php\/wp-json\/wp\/v2\/pages\/136"}],"collection":[{"href":"http:\/\/www.sylviegorde.fr\/index.php\/wp-json\/wp\/v2\/pages"}],"about":[{"href":"http:\/\/www.sylviegorde.fr\/index.php\/wp-json\/wp\/v2\/types\/page"}],"author":[{"embeddable":true,"href":"http:\/\/www.sylviegorde.fr\/index.php\/wp-json\/wp\/v2\/users\/1"}],"replies":[{"embeddable":true,"href":"http:\/\/www.sylviegorde.fr\/index.php\/wp-json\/wp\/v2\/comments?post=136"}],"version-history":[{"count":5,"href":"http:\/\/www.sylviegorde.fr\/index.php\/wp-json\/wp\/v2\/pages\/136\/revisions"}],"predecessor-version":[{"id":542,"href":"http:\/\/www.sylviegorde.fr\/index.php\/wp-json\/wp\/v2\/pages\/136\/revisions\/542"}],"wp:attachment":[{"href":"http:\/\/www.sylviegorde.fr\/index.php\/wp-json\/wp\/v2\/media?parent=136"}],"curies":[{"name":"wp","href":"https:\/\/api.w.org\/{rel}","templated":true}]}}