{"id":16,"date":"2019-01-28T16:10:02","date_gmt":"2019-01-28T15:10:02","guid":{"rendered":"http:\/\/wp.kaolinfactory.com\/?page_id=16"},"modified":"2021-03-22T17:07:44","modified_gmt":"2021-03-22T16:07:44","slug":"accueil","status":"publish","type":"page","link":"http:\/\/www.sylviegorde.fr\/","title":{"rendered":"Accueil"},"content":{"rendered":"<p>[et_pb_section fb_built=\u00a0\u00bb1&Prime; fullwidth=\u00a0\u00bbon\u00a0\u00bb _builder_version=\u00a0\u00bb4.0.7&Prime;][et_pb_fullwidth_slider _builder_version=\u00a0\u00bb4.0.7&Prime; auto=\u00a0\u00bbon\u00a0\u00bb auto_speed=\u00a0\u00bb4000&Prime; background_last_edited=\u00a0\u00bbon|desktop\u00a0\u00bb use_background_color_gradient_phone=\u00a0\u00bboff\u00a0\u00bb background_color_gradient_start_phone=\u00a0\u00bb#2b87da\u00a0\u00bb background_color_gradient_end_phone=\u00a0\u00bb#29c4a9&Prime;][et_pb_slide use_bg_overlay=\u00a0\u00bboff\u00a0\u00bb use_text_overlay=\u00a0\u00bboff\u00a0\u00bb _builder_version=\u00a0\u00bb4.0.7&Prime; background_image=\u00a0\u00bbhttp:\/\/www.sylviegorde.fr\/wp-content\/uploads\/2021\/03\/IMG_0024-2-scaled.jpg\u00a0\u00bb background_enable_image=\u00a0\u00bbon\u00a0\u00bb button_on_hover=\u00a0\u00bbon\u00a0\u00bb hover_enabled=\u00a0\u00bb0&Prime; background_last_edited=\u00a0\u00bbon|phone\u00a0\u00bb background_size_phone=\u00a0\u00bbcover\u00a0\u00bb]<\/p>\n<p>&nbsp;<\/p>\n<p>&nbsp;<\/p>\n<p>&nbsp;<\/p>\n<p>&nbsp;<\/p>\n<p>&nbsp;<\/p>\n<p>&nbsp;<\/p>\n<p>&nbsp;<\/p>\n<p>[\/et_pb_slide][et_pb_slide use_bg_overlay=\u00a0\u00bboff\u00a0\u00bb use_text_overlay=\u00a0\u00bboff\u00a0\u00bb _builder_version=\u00a0\u00bb4.0.7&Prime; background_image=\u00a0\u00bbhttp:\/\/www.sylviegorde.fr\/wp-content\/uploads\/2021\/03\/IMG_0036-2-scaled.jpg\u00a0\u00bb background_enable_image=\u00a0\u00bbon\u00a0\u00bb button_on_hover=\u00a0\u00bbon\u00a0\u00bb background_last_edited=\u00a0\u00bbon|phone\u00a0\u00bb background_size_phone=\u00a0\u00bbinitial\u00a0\u00bb]<\/p>\n<p>&nbsp;<\/p>\n<p>&nbsp;<\/p>\n<p>&nbsp;<\/p>\n<p>&nbsp;<\/p>\n<p>&nbsp;<\/p>\n<p>&nbsp;<\/p>\n<p>&nbsp;<\/p>\n<p>[\/et_pb_slide][et_pb_slide use_bg_overlay=\u00a0\u00bboff\u00a0\u00bb use_text_overlay=\u00a0\u00bboff\u00a0\u00bb _builder_version=\u00a0\u00bb3.21&Prime; background_image=\u00a0\u00bbhttp:\/\/wp.kaolinfactory.com\/wp-content\/uploads\/2019\/03\/CoupeDoubleAllong\u00e9.jpg\u00a0\u00bb button_on_hover=\u00a0\u00bbon\u00a0\u00bb]<\/p>\n<p>&nbsp;<\/p>\n<p>&nbsp;<\/p>\n<p>&nbsp;<\/p>\n<p>&nbsp;<\/p>\n<p>&nbsp;<\/p>\n<p>&nbsp;<\/p>\n<p>&nbsp;<\/p>\n<p>&nbsp;<\/p>\n<p>[\/et_pb_slide][et_pb_slide use_bg_overlay=\u00a0\u00bboff\u00a0\u00bb use_text_overlay=\u00a0\u00bboff\u00a0\u00bb _builder_version=\u00a0\u00bb3.21&Prime; background_image=\u00a0\u00bbhttp:\/\/www.sylviegorde.fr\/wp-content\/uploads\/2019\/11\/Cocoon-site.jpg\u00a0\u00bb button_on_hover=\u00a0\u00bbon\u00a0\u00bb]<\/p>\n<p>&nbsp;<\/p>\n<p>&nbsp;<\/p>\n<p>&nbsp;<\/p>\n<p>&nbsp;<\/p>\n<p>&nbsp;<\/p>\n<p>&nbsp;<\/p>\n<p>&nbsp;<\/p>\n<p>&nbsp;<\/p>\n<p>&nbsp;<\/p>\n<p>[\/et_pb_slide][et_pb_slide use_bg_overlay=\u00a0\u00bboff\u00a0\u00bb use_text_overlay=\u00a0\u00bboff\u00a0\u00bb _builder_version=\u00a0\u00bb3.21&Prime; background_image=\u00a0\u00bbhttp:\/\/wp.kaolinfactory.com\/wp-content\/uploads\/2019\/03\/M\u00e9teoresAllong\u00e9.jpg\u00a0\u00bb button_on_hover=\u00a0\u00bbon\u00a0\u00bb]<\/p>\n<p>&nbsp;<\/p>\n<p>&nbsp;<\/p>\n<p>&nbsp;<\/p>\n<p>&nbsp;<\/p>\n<p>&nbsp;<\/p>\n<p>&nbsp;<\/p>\n<p>&nbsp;<\/p>\n<p>&nbsp;<\/p>\n<p>&nbsp;<\/p>\n<p>&nbsp;<\/p>\n<p>[\/et_pb_slide][et_pb_slide _builder_version=\u00a0\u00bb4.0.7&Prime; background_image=\u00a0\u00bbhttp:\/\/www.sylviegorde.fr\/wp-content\/uploads\/2021\/03\/IMG_0046-2.jpg\u00a0\u00bb background_enable_image=\u00a0\u00bbon\u00a0\u00bb][\/et_pb_slide][\/et_pb_fullwidth_slider][\/et_pb_section][et_pb_section fb_built=\u00a0\u00bb1&Prime; _builder_version=\u00a0\u00bb3.22&Prime;][et_pb_row module_class=\u00a0\u00bb et_pb_row_fullwidth\u00a0\u00bb _builder_version=\u00a0\u00bb3.25&Prime; background_size=\u00a0\u00bbinitial\u00a0\u00bb background_position=\u00a0\u00bbtop_left\u00a0\u00bb background_repeat=\u00a0\u00bbrepeat\u00a0\u00bb width=\u00a0\u00bb100%\u00a0\u00bb width_tablet=\u00a0\u00bb100%\u00a0\u00bb width_phone=\u00a0\u00bb\u00a0\u00bb width_last_edited=\u00a0\u00bbon|desktop\u00a0\u00bb max_width=\u00a0\u00bb100%\u00a0\u00bb max_width_tablet=\u00a0\u00bb100%\u00a0\u00bb max_width_phone=\u00a0\u00bb\u00a0\u00bb max_width_last_edited=\u00a0\u00bbon|desktop\u00a0\u00bb make_fullwidth=\u00a0\u00bbon\u00a0\u00bb][et_pb_column type=\u00a0\u00bb4_4&Prime; _builder_version=\u00a0\u00bb3.25&Prime; custom_padding=\u00a0\u00bb|||\u00a0\u00bb custom_padding__hover=\u00a0\u00bb|||\u00a0\u00bb][et_pb_text _builder_version=\u00a0\u00bb4.0.7&Prime; text_font=\u00a0\u00bbArial||||||||\u00a0\u00bb text_font_size=\u00a0\u00bb25px\u00a0\u00bb text_letter_spacing=\u00a0\u00bb6px\u00a0\u00bb text_line_height=\u00a0\u00bb2em\u00a0\u00bb]<\/p>\n<h2>\u00ab\u00a0Je suis fascin\u00e9e par la nature et l&rsquo;histoire. Arbres, rochers mais aussi casques anciens, armures antiques remplissent mes r\u00eaves et guident mes mains pour cr\u00e9er mes pi\u00e8ces en porcelaine ou en gr\u00e8s. Les lignes qui les parcourent racontent leurs histoires. Craquelures, empreintes et d\u00e9formations leur donnent une \u00e2me. Parfois\u00a0 le verre et le m\u00e9tal les subliment.\u00a0\u00bb<\/h2>\n<h2><em>\u00ab\u00a0I am fascinated by nature and history. Trees, rocks but also old armory all fill my dreams and guide my hands as I create my sculptures in porcelain or stoneware. Lines on the surface tell their stories. Cracks, traces and deformations offer them a soul. Sometimes, glass and metal magnify them.\u00a0\u00bb<\/em><\/h2>\n<p>&nbsp;<\/p>\n<p>&nbsp;<\/p>\n<p>&nbsp;<\/p>\n<p>&nbsp;<\/p>\n<p>[\/et_pb_text][\/et_pb_column][\/et_pb_row][\/et_pb_section]<\/p>\n","protected":false},"excerpt":{"rendered":"<p>[et_pb_section fb_built=\u00a0\u00bb1&Prime; fullwidth=\u00a0\u00bbon\u00a0\u00bb _builder_version=\u00a0\u00bb4.0.7&Prime;][et_pb_fullwidth_slider _builder_version=\u00a0\u00bb4.0.7&Prime; auto=\u00a0\u00bbon\u00a0\u00bb auto_speed=\u00a0\u00bb4000&Prime; background_last_edited=\u00a0\u00bbon|desktop\u00a0\u00bb use_background_color_gradient_phone=\u00a0\u00bboff\u00a0\u00bb background_color_gradient_start_phone=\u00a0\u00bb#2b87da\u00a0\u00bb background_color_gradient_end_phone=\u00a0\u00bb#29c4a9&Prime;][et_pb_slide use_bg_overlay=\u00a0\u00bboff\u00a0\u00bb use_text_overlay=\u00a0\u00bboff\u00a0\u00bb _builder_version=\u00a0\u00bb4.0.7&Prime; background_image=\u00a0\u00bbhttp:\/\/www.sylviegorde.fr\/wp-content\/uploads\/2021\/03\/IMG_0024-2-scaled.jpg\u00a0\u00bb background_enable_image=\u00a0\u00bbon\u00a0\u00bb button_on_hover=\u00a0\u00bbon\u00a0\u00bb hover_enabled=\u00a0\u00bb0&Prime; background_last_edited=\u00a0\u00bbon|phone\u00a0\u00bb background_size_phone=\u00a0\u00bbcover\u00a0\u00bb] &nbsp; &nbsp; &nbsp; &nbsp; &nbsp; &nbsp; &nbsp; [\/et_pb_slide][et_pb_slide use_bg_overlay=\u00a0\u00bboff\u00a0\u00bb use_text_overlay=\u00a0\u00bboff\u00a0\u00bb _builder_version=\u00a0\u00bb4.0.7&Prime; background_image=\u00a0\u00bbhttp:\/\/www.sylviegorde.fr\/wp-content\/uploads\/2021\/03\/IMG_0036-2-scaled.jpg\u00a0\u00bb background_enable_image=\u00a0\u00bbon\u00a0\u00bb button_on_hover=\u00a0\u00bbon\u00a0\u00bb background_last_edited=\u00a0\u00bbon|phone\u00a0\u00bb background_size_phone=\u00a0\u00bbinitial\u00a0\u00bb] &nbsp; &nbsp; &nbsp; &nbsp; &nbsp; &nbsp; &nbsp; [\/et_pb_slide][et_pb_slide use_bg_overlay=\u00a0\u00bboff\u00a0\u00bb use_text_overlay=\u00a0\u00bboff\u00a0\u00bb _builder_version=\u00a0\u00bb3.21&Prime; background_image=\u00a0\u00bbhttp:\/\/wp.kaolinfactory.com\/wp-content\/uploads\/2019\/03\/CoupeDoubleAllong\u00e9.jpg\u00a0\u00bb button_on_hover=\u00a0\u00bbon\u00a0\u00bb] &nbsp; &nbsp; &nbsp; &nbsp; &nbsp; &nbsp; [&hellip;]<\/p>\n","protected":false},"author":1,"featured_media":0,"parent":0,"menu_order":0,"comment_status":"closed","ping_status":"closed","template":"","meta":{"_et_pb_use_builder":"on","_et_pb_old_content":"<p><img class=\"alignnone size-medium wp-image-14\" src=\"http:\/\/wp.kaolinfactory.com\/wp-content\/uploads\/2019\/01\/Logo2019-300x218.png\" alt=\"\" width=\"300\" height=\"218\" \/>[et_pb_section bb_built=\"1\" _builder_version=\"3.17.6\"][et_pb_row _builder_version=\"3.17.6\"][et_pb_column type=\"3_5\"][et_pb_slider _builder_version=\"3.17.6\" \/][\/et_pb_column][et_pb_column type=\"2_5\"][\/et_pb_column][\/et_pb_row][et_pb_row][et_pb_column type=\"4_4\"][et_pb_slider _builder_version=\"3.17.6\"][et_pb_slide _builder_version=\"3.17.6\" heading=\"Cr\u00e9ations c\u00e9ramique et verre\" button_link=\"#\" url_new_window=\"off\" link_option_url_new_window=\"off\" background_color=\"#7EBEC5\" use_background_color_gradient=\"off\" background_color_gradient_start=\"#2b87da\" background_color_gradient_end=\"#29c4a9\" background_color_gradient_type=\"linear\" background_color_gradient_direction=\"180deg\" background_color_gradient_direction_radial=\"center\" background_color_gradient_start_position=\"0%\" background_color_gradient_end_position=\"100%\" background_color_gradient_overlays_image=\"off\" background_image=\"http:\/\/wp.kaolinfactory.com\/wp-content\/uploads\/2019\/01\/DSCF8933-e1548672750473.jpg\" parallax=\"off\" parallax_method=\"on\" background_size=\"cover\" background_position=\"center\" background_repeat=\"no-repeat\" background_blend=\"normal\" allow_player_pause=\"off\" background_video_pause_outside_viewport=\"on\" admin_title=\"imageAccueil\" use_bg_overlay=\"off\" use_text_overlay=\"off\" text_border_radius=\"3\" alignment=\"center\" child_filter_hue_rotate=\"0deg\" child_filter_saturate=\"100%\" child_filter_brightness=\"100%\" child_filter_contrast=\"100%\" child_filter_invert=\"0%\" child_filter_sepia=\"0%\" child_filter_opacity=\"100%\" child_filter_blur=\"0px\" child_mix_blend_mode=\"normal\" background_layout=\"light\" text_shadow_style=\"preset3\" text_shadow_horizontal_length=\"0em\" text_shadow_vertical_length=\"0em\" text_shadow_blur_strength=\"0.3em\" header_level=\"h1\" header_font=\"Indie Flower|700|||||||\" header_text_align=\"center\" header_text_color=\"#000000\" header_font_size=\"31\" header_font_size_tablet=\"31\" header_font_size_phone=\"31\" header_text_shadow_style=\"none\" body_text_shadow_style=\"none\" custom_button=\"off\" button_bg_use_color_gradient=\"off\" button_bg_color_gradient_overlays_image=\"off\" button_use_icon=\"on\" button_on_hover=\"on\" button_text_shadow_style=\"none\" box_shadow_style_button=\"none\" hover_transition_duration=\"300ms\" hover_transition_delay=\"0ms\" hover_transition_speed_curve=\"ease\" \/][\/et_pb_slider][\/et_pb_column][\/et_pb_row][\/et_pb_section]<\/p>"},"_links":{"self":[{"href":"http:\/\/www.sylviegorde.fr\/index.php\/wp-json\/wp\/v2\/pages\/16"}],"collection":[{"href":"http:\/\/www.sylviegorde.fr\/index.php\/wp-json\/wp\/v2\/pages"}],"about":[{"href":"http:\/\/www.sylviegorde.fr\/index.php\/wp-json\/wp\/v2\/types\/page"}],"author":[{"embeddable":true,"href":"http:\/\/www.sylviegorde.fr\/index.php\/wp-json\/wp\/v2\/users\/1"}],"replies":[{"embeddable":true,"href":"http:\/\/www.sylviegorde.fr\/index.php\/wp-json\/wp\/v2\/comments?post=16"}],"version-history":[{"count":80,"href":"http:\/\/www.sylviegorde.fr\/index.php\/wp-json\/wp\/v2\/pages\/16\/revisions"}],"predecessor-version":[{"id":764,"href":"http:\/\/www.sylviegorde.fr\/index.php\/wp-json\/wp\/v2\/pages\/16\/revisions\/764"}],"wp:attachment":[{"href":"http:\/\/www.sylviegorde.fr\/index.php\/wp-json\/wp\/v2\/media?parent=16"}],"curies":[{"name":"wp","href":"https:\/\/api.w.org\/{rel}","templated":true}]}}